{"id":2856,"date":"2021-07-24T20:46:33","date_gmt":"2021-07-24T18:46:33","guid":{"rendered":"http:\/\/franceroulements.fr\/rachat-de-stocks\/"},"modified":"2023-09-21T12:01:31","modified_gmt":"2023-09-21T10:01:31","slug":"we-buy-surplus-bearings","status":"publish","type":"page","link":"https:\/\/franceroulements.fr\/en\/we-buy-surplus-bearings\/","title":{"rendered":"We buy surplus bearings"},"content":{"rendered":"\t\t<div data-elementor-type=\"wp-page\" data-elementor-id=\"2856\" class=\"elementor elementor-2856 elementor-2681\" data-elementor-post-type=\"page\">\n\t\t\t\t\t\t<section class=\"elementor-section elementor-top-section elementor-element elementor-element-249b5d66 elementor-section-full_width elementor-section-height-default elementor-section-height-default\" data-id=\"249b5d66\" data-element_type=\"section\">\n\t\t\t\t\t\t<div class=\"elementor-container elementor-column-gap-default\">\n\t\t\t\t\t<div class=\"elementor-column elementor-col-100 elementor-top-column elementor-element elementor-element-2a4d96cd\" data-id=\"2a4d96cd\" data-element_type=\"column\">\n\t\t\t<div class=\"elementor-widget-wrap elementor-element-populated\">\n\t\t\t\t\t\t<div class=\"elementor-element elementor-element-38bb045d elementor-widget elementor-widget-envolve_about_us\" data-id=\"38bb045d\" data-element_type=\"widget\" data-widget_type=\"envolve_about_us.default\">\n\t\t\t\t<div class=\"elementor-widget-container\">\n\t\t\t\t\t        \t\n        <!-- About Section -->\n        <section class=\"about-section\">\n            <div class=\"auto-container\">\n                <div class=\"row\">\n                    <div class=\"col-lg-6 col-md-12 col-sm-12 col-xs-12\">\n                        <div class=\"image-block\">\n                            <div class=\"image-one wow fadeInLeft\" data-wow-delay=\"0ms\" data-wow-duration=\"1500ms\"><div class=\"image-box\"><img decoding=\"async\" class=\"lazy-image owl-lazy\" src=\"https:\/\/franceroulements.fr\/wp-content\/themes\/envolve\/assets\/images\/resource\/image-spacer-for-validation.png\" data-src=\"http:\/\/franceroulements.fr\/wp-content\/uploads\/2021\/07\/specialiste-01-min.jpg\" alt=\"Awesome Image\"><\/div><\/div>\n                            <div class=\"image-two wow fadeInLeft\" data-wow-delay=\"300ms\" data-wow-duration=\"1500ms\"><div class=\"image-box\"><img decoding=\"async\" class=\"lazy-image owl-lazy\" src=\"https:\/\/franceroulements.fr\/wp-content\/themes\/envolve\/assets\/images\/resource\/image-spacer-for-validation.png\" data-src=\"\" alt=\"Awesome Image\"><\/div><\/div>\n                            <div class=\"logo\"><img decoding=\"async\" src=\"http:\/\/franceroulements.fr\/wp-content\/uploads\/2021\/05\/ico-logo-min.png\" alt=\"Awesome Image\"><\/div>\n                        <\/div>\n                    <\/div>\n                    <div class=\"col-lg-6 col-md-12 col-sm-12 col-xs-12\">\n                        <div class=\"sec-title\">\n                            <h2>Turn your unnecessary inventory into cash!<\/h2>\n                            <div class=\"text-decoration\">\n                                <span class=\"left\"><\/span>\n                                <span class=\"right\"><\/span>\n                            <\/div>\n                            <div class=\"text\">We buy all types of ball bearings, needles, thrust bearings, sleeves, bearings.\nYou can also submit to us other surplus products that you have for sale. <br> <br>\n\nSend your inventory with as many items as possible.\nWe are studying your stock.\nWe make you a trade-in offer.\n<br> <br>\nAfter your agreement, we will pay and collect with our carriers.<\/div>\n                            <div class=\"text two\"><\/div>\n                        <\/div>\n                        \n                        <div class=\"row\">\n                        \n                                                        <div class=\"col-lg-6 col-md-12\">\n                                <div class=\"text-block\">\n                                    <span class=\"\"><\/span>\n                                    <div class=\"textin\">\n                                        <h5><\/h5>\n                                        <h4><\/h4>\n                                    <\/div>\n                                <\/div>\n                            <\/div>\n                                                        \n                        <\/div>\n                        \n                        <div class=\"author-box\">\n                            <div class=\"signature\"><img decoding=\"async\" src=\"\" alt=\"Awesome Image\"><\/div>\n                            <div class=\"author-info\">\n                                <h4><\/h4>\n                                <h5><\/h5>\n                            <\/div>\n                        <\/div>\n                    <\/div>\n                <\/div>\n            <\/div>\n        <\/section>\n          \n\t\t\t\t\t\t<\/div>\n\t\t\t\t<\/div>\n\t\t\t\t<div class=\"elementor-element elementor-element-6765d23 explik elementor-widget elementor-widget-envolve_reason_for_choosing\" data-id=\"6765d23\" data-element_type=\"widget\" data-widget_type=\"envolve_reason_for_choosing.default\">\n\t\t\t\t<div class=\"elementor-widget-container\">\n\t\t\t\t\t        \t\n        <!-- Why Choose us -->\n        <section class=\"why-choose-us-section\">\n            <div class=\"pattern\" style=\"background-image: url(http:\/\/franceroulements.fr\/wp-content\/uploads\/2021\/05\/pattern-grille.png);\"><\/div>\n            <div class=\"side-image\"><img decoding=\"async\" src=\"http:\/\/franceroulements.fr\/wp-content\/uploads\/2021\/07\/rayonnage-3-min.jpg\" alt=\"Awesome Image\"><\/div>\n            <div class=\"auto-container\">\n                <div class=\"row\">\n                    <div class=\"col-lg-6 order-lg-2\">\n                        <div class=\"sec-title light\">\n                            <h2>How it works\nto repurchase your surplus stock?<\/h2>\n                            <div class=\"text-decoration\">\n                                <span class=\"left\"><\/span>\n                                <span class=\"right\"><\/span>\n                            <\/div>\n                        <\/div>\n                        <ul class=\"features-list\">\n                                                        <li class=\"single-feature-item\">\n                                <h5>Send us your lists and photos<\/h5>\n                                <span class=\"text\">We evaluate your products one by one.<\/span>\n                            <\/li>\n                                                        <li class=\"single-feature-item\">\n                                <h5>You receive our proposal<\/h5>\n                                <span class=\"text\">You receive the fairest possible offer.<\/span>\n                            <\/li>\n                                                        <li class=\"single-feature-item\">\n                                <h5>We manage the transport<\/h5>\n                                <span class=\"text\">We take care of the transport from A to Z.<\/span>\n                            <\/li>\n                                                        <li class=\"single-feature-item\">\n                                <h5>You receive the payment<\/h5>\n                                <span class=\"text\">Wire Transfer.<\/span>\n                            <\/li>\n                                                    <\/ul>\n                    <\/div>\n                    <div class=\"col-lg-6\">\n                        <div class=\"consult-form\">\n                            <div class=\"contact-form\">\n\t\t\t\t\t\t\t\t\n<div class=\"wpcf7 no-js\" id=\"wpcf7-f3075-o1\" lang=\"en-US\" dir=\"ltr\" data-wpcf7-id=\"3075\">\n<div class=\"screen-reader-response\"><p role=\"status\" aria-live=\"polite\" aria-atomic=\"true\"><\/p> <ul><\/ul><\/div>\n<form action=\"\/en\/wp-json\/wp\/v2\/pages\/2856#wpcf7-f3075-o1\" method=\"post\" class=\"wpcf7-form init\" aria-label=\"Contact form\" novalidate=\"novalidate\" data-status=\"init\">\n<div style=\"display: none;\">\n<input type=\"hidden\" name=\"_wpcf7\" value=\"3075\" \/>\n<input type=\"hidden\" name=\"_wpcf7_version\" value=\"6.0.1\" \/>\n<input type=\"hidden\" name=\"_wpcf7_locale\" value=\"en_US\" \/>\n<input type=\"hidden\" name=\"_wpcf7_unit_tag\" value=\"wpcf7-f3075-o1\" \/>\n<input type=\"hidden\" name=\"_wpcf7_container_post\" value=\"0\" \/>\n<input type=\"hidden\" name=\"_wpcf7_posted_data_hash\" value=\"\" \/>\n<input type=\"hidden\" name=\"_wpcf7_recaptcha_response\" value=\"\" \/>\n<\/div>\n<h2>Contact us for<br \/>\nan estimate\n<\/h2>\n<div class=\"row clearfix\">\n\t<div class=\"col-md-6 form-group\">\n\t\t<p><span class=\"wpcf7-form-control-wrap\" data-name=\"text-618\"><input size=\"40\" maxlength=\"400\" class=\"wpcf7-form-control wpcf7-text wpcf7-validates-as-required\" aria-required=\"true\" aria-invalid=\"false\" placeholder=\"First and last name\" value=\"\" type=\"text\" name=\"text-618\" \/><\/span>\n\t\t<\/p>\n\t<\/div>\n\t<div class=\"col-md-6 form-group\">\n\t\t<p><span class=\"wpcf7-form-control-wrap\" data-name=\"email-486\"><input size=\"40\" maxlength=\"400\" class=\"wpcf7-form-control wpcf7-email wpcf7-validates-as-required wpcf7-text wpcf7-validates-as-email\" aria-required=\"true\" aria-invalid=\"false\" placeholder=\"Email\" value=\"\" type=\"email\" name=\"email-486\" \/><\/span>\n\t\t<\/p>\n\t<\/div>\n\t<div class=\"col-md-6 form-group\">\n\t\t<p><span class=\"wpcf7-form-control-wrap\" data-name=\"text-619\"><input size=\"40\" maxlength=\"400\" class=\"wpcf7-form-control wpcf7-text\" aria-invalid=\"false\" placeholder=\"Phone\" value=\"\" type=\"text\" name=\"text-619\" \/><\/span>\n\t\t<\/p>\n\t<\/div>\n\t<div class=\"col-md-6 form-group\">\n\t\t<p><span class=\"wpcf7-form-control-wrap\" data-name=\"menu-741\"><select class=\"wpcf7-form-control wpcf7-select selectpicker\" aria-invalid=\"false\" name=\"menu-741\"><option value=\"Stock buyback\">Stock buyback<\/option><option value=\"Sales department\">Sales department<\/option><option value=\"Information\">Information<\/option><\/select><\/span>\n\t\t<\/p>\n\t<\/div>\n\t<div class=\"col-md-6 form-group\">\n\t\t<p><button class=\"theme-btn btn-style-two\" type=\"submit\" name=\"submit-form\"><span class=\"btn-title\">Send<\/span><\/button>\n\t\t<\/p>\n\t<\/div>\n<!--\n<div class=\"col-md-6 form-group\">\n<div class=\"theme-btn btn-style-three\"><i class=\"far fa-calendar\"><\/i>Prendre rendez-vous<\/div>\n<\/div>-->\n<\/div><div class=\"wpcf7-response-output\" aria-hidden=\"true\"><\/div>\n<\/form>\n<\/div>\n                            <\/div>\n                        <\/div>\n                    <\/div>                \n                <\/div>\n            <\/div>\n        <\/section>\n            \n\t\t\t\t\t\t<\/div>\n\t\t\t\t<\/div>\n\t\t\t\t<div class=\"elementor-element elementor-element-5ad3cd6 ico-step-devis elementor-widget elementor-widget-envolve_our_work_process\" data-id=\"5ad3cd6\" data-element_type=\"widget\" data-widget_type=\"envolve_our_work_process.default\">\n\t\t\t\t<div class=\"elementor-widget-container\">\n\t\t\t\t\t        \n        <!--  Process Section -->\n        <section class=\"process-section\">\n            <div class=\"pattern\" style=\"background-image: url(http:\/\/el.commonsupport.com\/wp\/envolve\/wp-content\/uploads\/2020\/05\/pattern-5.png);\"><\/div>\n            <div class=\"auto-container\">\n                <div class=\"sec-top row m-0 justify-content-md-between\">\n                    <div class=\"sec-title\">\n                        <h2>Service vente<\/h2>\n                        <div class=\"text-decoration\">\n                            <span class=\"left\"><\/span>\n                            <span class=\"right\"><\/span>\n                        <\/div>\n                    <\/div>\n                    <div class=\"text\">Also, we have at your disposal for sale our stock of bearings.<br>\nWe offer our express service with over 20.000 references at very competitive prices.<br><br>\n<div style=\"border: solid 2px #fd4a36\" class=\"theme-btn btn-style-two\"><a href=\"http:\/\/franceroulements.fr\/en\/contact-us\/\"><span class=\"btn-title\">Contact us<\/span><\/a><\/div>\n<br><br><\/div>\n                <\/div>\n                <div class=\"row\">\n                                        <div class=\"col-lg-4 process-block-one\">\n                        <div class=\"inner-box\">\n                            <div class=\"icon\">\n                            \t                                \t<img decoding=\"async\" src=\"http:\/\/franceroulements.fr\/wp-content\/uploads\/2021\/05\/bearing.svg\" alt=\"Awesome Image\">\n                            \t                            <\/div>\n                            <h5><span class=\"count\">Step : 01.<\/span><\/h5>\n                            <h4>Consultez la r\u00e9f\u00e9rence<\/h4>\n                            <div class=\"text\">Depuis notre catalogue en ligne, rendez-vous sur la fiche du produit qui vous int\u00e9resse.<\/div>\n                        <\/div>\n                    <\/div>\n                                        <div class=\"col-lg-4 process-block-one\">\n                        <div class=\"inner-box\">\n                            <div class=\"icon\">\n                            \t                                \t<img decoding=\"async\" src=\"http:\/\/franceroulements.fr\/wp-content\/uploads\/2021\/05\/website.svg\" alt=\"Awesome Image\">\n                            \t                            <\/div>\n                            <h5><span class=\"count\">Step : 02.<\/span><\/h5>\n                            <h4>Demandez un devis<\/h4>\n                            <div class=\"text\">Depuis le fiche du produit, cliquez sur \"demander un devis\" et r\u00e9pondez aux  questions pos\u00e9es.<\/div>\n                        <\/div>\n                    <\/div>\n                                        <div class=\"col-lg-4 process-block-one\">\n                        <div class=\"inner-box\">\n                            <div class=\"icon\">\n                            \t                                \t<img decoding=\"async\" src=\"http:\/\/franceroulements.fr\/wp-content\/uploads\/2021\/05\/quotation.svg\" alt=\"Awesome Image\">\n                            \t                            <\/div>\n                            <h5><span class=\"count\">Step : 03.<\/span><\/h5>\n                            <h4>Recevez notre estimation<\/h4>\n                            <div class=\"text\">Notre \u00e9quipe vous transmettra rapidement par e-mail une proposition d\u00e9taill\u00e9e et chiffr\u00e9e.<\/div>\n                        <\/div>\n                    <\/div>\n                                    <\/div>\n            <\/div>\n        <\/section>\n        \n\t\t\t\t\t\t<\/div>\n\t\t\t\t<\/div>\n\t\t\t\t\t<\/div>\n\t\t<\/div>\n\t\t\t\t\t<\/div>\n\t\t<\/section>\n\t\t\t\t<\/div>\n\t\t","protected":false},"excerpt":{"rendered":"<p>Turn your unnecessary inventory into cash! We buy all types of ball bearings, needles, thrust bearings, sleeves, bearings. You can also submit to us other surplus products that you have for sale. Send your inventory with as many items as possible. We are studying your stock. We make you a trade-in offer. After your agreement, [&hellip;]<\/p>\n","protected":false},"author":1,"featured_media":0,"parent":0,"menu_order":0,"comment_status":"closed","ping_status":"closed","template":"tpl-default-elementor.php","meta":{"footnotes":""},"class_list":["post-2856","page","type-page","status-publish","hentry"],"_links":{"self":[{"href":"https:\/\/franceroulements.fr\/en\/wp-json\/wp\/v2\/pages\/2856","targetHints":{"allow":["GET"]}}],"collection":[{"href":"https:\/\/franceroulements.fr\/en\/wp-json\/wp\/v2\/pages"}],"about":[{"href":"https:\/\/franceroulements.fr\/en\/wp-json\/wp\/v2\/types\/page"}],"author":[{"embeddable":true,"href":"https:\/\/franceroulements.fr\/en\/wp-json\/wp\/v2\/users\/1"}],"replies":[{"embeddable":true,"href":"https:\/\/franceroulements.fr\/en\/wp-json\/wp\/v2\/comments?post=2856"}],"version-history":[{"count":26,"href":"https:\/\/franceroulements.fr\/en\/wp-json\/wp\/v2\/pages\/2856\/revisions"}],"predecessor-version":[{"id":3223,"href":"https:\/\/franceroulements.fr\/en\/wp-json\/wp\/v2\/pages\/2856\/revisions\/3223"}],"wp:attachment":[{"href":"https:\/\/franceroulements.fr\/en\/wp-json\/wp\/v2\/media?parent=2856"}],"curies":[{"name":"wp","href":"https:\/\/api.w.org\/{rel}","templated":true}]}}